{"id":290,"date":"2023-09-24T23:03:15","date_gmt":"2023-09-24T21:03:15","guid":{"rendered":"https:\/\/www.landeye.cz\/?page_id=290"},"modified":"2023-09-24T23:03:16","modified_gmt":"2023-09-24T21:03:16","slug":"ponuka-sluzeb","status":"publish","type":"page","link":"https:\/\/www.landeye.cz\/?page_id=290","title":{"rendered":"Ponuka slu\u017eeb"},"content":{"rendered":"\n<p><strong>In\u017een\u00fdrsk\u00e1 geod\u00e9zie<\/strong><\/p>\n\n\n\n<p>v\u00fdkon hlavn\u00edho geodeta stavby<\/p>\n\n\n\n<p>vyty\u010dov\u00e1n\u00ed stavebn\u00edch objekt\u016f, liniov\u00fdch staveb, staveni\u0161t\u011b<\/p>\n\n\n\n<p>kontroln\u00ed m\u011b\u0159en\u00ed, porovn\u00e1n\u00ed z projektem, vyhodnocen\u00ed odchylek<\/p>\n\n\n\n<p>zam\u011b\u0159en\u00ed skute\u010dn\u00e9ho proveden\u00ed stavby ( BIM,DSVS,DSR), geodetick\u00e1 dokumentace<\/p>\n\n\n\n<p>budov\u00e1n\u00ed vyty\u010dovac\u00edch s\u00edt\u00ed staveb<\/p>\n\n\n\n<p>vyty\u010den\u00ed, zam\u011b\u0159en\u00ed a zpracov\u00e1n\u00ed dokumentace in\u017een\u00fdrsk\u00fdch s\u00edt\u00ed<\/p>\n\n\n\n<p>m\u011b\u0159en\u00ed posun\u016f a deformace objekt\u016f<\/p>\n\n\n\n<p>kompletn\u00ed geodetick\u00e1 dokumentace ke kolaudaci stavby dokumentace<\/p>\n\n\n\n<p><\/p>\n\n\n\n<p><strong>Katastr nehnoutelnost\u00ed<\/strong><\/p>\n\n\n\n<p>proveden\u00ed geometrick\u00fdch pl\u00e1n\u016f<\/p>\n\n\n\n<p>vyty\u010den\u00ed hranic pozemk\u016f<\/p>\n\n\n\n<p>vyty\u010den\u00ed stavby<\/p>\n\n\n\n<p>komplexn\u00ed slu\u017eby p\u0159i vypo\u0159\u00e1d\u00e1n\u00ed nemovitost\u00ed<\/p>\n\n\n\n<p>zpracov\u00e1n\u00ed podklad\u016f pro z\u00e1b\u011br pozemk\u016f a vyn\u011bt\u00ed p\u016fdy<\/p>\n","protected":false},"excerpt":{"rendered":"<p>In\u017een\u00fdrsk\u00e1 geod\u00e9zie v\u00fdkon hlavn\u00edho geodeta stavby vyty\u010dov\u00e1n\u00ed stavebn\u00edch objekt\u016f, liniov\u00fdch staveb, staveni\u0161t\u011b kontroln\u00ed m\u011b\u0159en\u00ed, porovn\u00e1n\u00ed z projektem, vyhodnocen\u00ed odchylek zam\u011b\u0159en\u00ed skute\u010dn\u00e9ho proveden\u00ed stavby ( BIM,DSVS,DSR), geodetick\u00e1 dokumentace budov\u00e1n\u00ed vyty\u010dovac\u00edch s\u00edt\u00ed staveb vyty\u010den\u00ed, zam\u011b\u0159en\u00ed a zpracov\u00e1n\u00ed dokumentace in\u017een\u00fdrsk\u00fdch s\u00edt\u00ed m\u011b\u0159en\u00ed posun\u016f a deformace objekt\u016f kompletn\u00ed geodetick\u00e1 dokumentace ke kolaudaci stavby dokumentace [&hellip;]<\/p>\n","protected":false},"author":1,"featured_media":0,"parent":0,"menu_order":0,"comment_status":"closed","ping_status":"closed","template":"","meta":{"ngg_post_thumbnail":0,"footnotes":""},"class_list":["post-290","page","type-page","status-publish","hentry"],"_links":{"self":[{"href":"https:\/\/www.landeye.cz\/index.php?rest_route=\/wp\/v2\/pages\/290","targetHints":{"allow":["GET"]}}],"collection":[{"href":"https:\/\/www.landeye.cz\/index.php?rest_route=\/wp\/v2\/pages"}],"about":[{"href":"https:\/\/www.landeye.cz\/index.php?rest_route=\/wp\/v2\/types\/page"}],"author":[{"embeddable":true,"href":"https:\/\/www.landeye.cz\/index.php?rest_route=\/wp\/v2\/users\/1"}],"replies":[{"embeddable":true,"href":"https:\/\/www.landeye.cz\/index.php?rest_route=%2Fwp%2Fv2%2Fcomments&post=290"}],"version-history":[{"count":1,"href":"https:\/\/www.landeye.cz\/index.php?rest_route=\/wp\/v2\/pages\/290\/revisions"}],"predecessor-version":[{"id":291,"href":"https:\/\/www.landeye.cz\/index.php?rest_route=\/wp\/v2\/pages\/290\/revisions\/291"}],"wp:attachment":[{"href":"https:\/\/www.landeye.cz\/index.php?rest_route=%2Fwp%2Fv2%2Fmedia&parent=290"}],"curies":[{"name":"wp","href":"https:\/\/api.w.org\/{rel}","templated":true}]}}