{"id":292,"date":"2023-09-24T23:04:43","date_gmt":"2023-09-24T21:04:43","guid":{"rendered":"https:\/\/www.landeye.cz\/?page_id=292"},"modified":"2023-10-01T10:43:54","modified_gmt":"2023-10-01T08:43:54","slug":"o-nas","status":"publish","type":"page","link":"https:\/\/www.landeye.cz\/","title":{"rendered":"O n\u00e1s"},"content":{"rendered":"\n<p>LAND Eye s.r.o. \u2013 geodetick\u00e1 kancel\u00e1\u0159 Spole\u010dnost Landeye s.r.o. vznikla 9.12.2021. Od sv\u00e9ho vzniku poskytuje kvalitn\u00ed a odborn\u00e9 slu\u017eby v oboru geod\u00e9zie a kartografie. Hlavn\u00edm c\u00edlem spole\u010dnosti je poskytnout z\u00e1kazn\u00edk\u016fm komplexn\u00ed servis geodetick\u00fdch a kartografick\u00fdch prac\u00ed od zah\u00e1jen\u00ed projektu po jeho ukon\u010den\u00ed. S\u00eddlem spole\u010dnosti je Brne. Podle aktu\u00e1ln\u00ed pot\u0159eby si spole\u010dnost vytv\u00e1\u0159\u00ed pracovi\u0161t\u011b po cel\u00e9m \u00fazem\u00ed \u010cR, kter\u00e1 pln\u00ed dlouhodob\u011bj\u0161\u00ed \u00fakoly na stavb\u00e1ch v oblasti budov\u00e1n\u00ed nebo rekonstrukce dopravn\u00edch staveb. V\u00fdkon geodetick\u00fdch prac\u00ed je realizov\u00e1n pod odborn\u00fdm veden\u00edm zku\u0161en\u00fdch geodet\u016f a kartograf\u016f. Ve\u0161ker\u00e9 pr\u00e1ce jsou prov\u00e1d\u011bny v souladu s platnou legislativou a ov\u011b\u0159eny autorizovan\u00fdm geodetem a kartografem. Veden\u00ed spole\u010dnosti jako i v\u00edce zam\u011bstnanci jsou v souladu se z\u00e1konem. V oblasti BOZP a PO m\u00e1 spole\u010dnost vypracovanou jej\u00ed komplexn\u00ed dokumentaci, pravideln\u011b p\u0159e\u0161koluje sv\u00e9 zam\u011bstnance a db\u00e1 o dodr\u017eov\u00e1n\u00ed a pln\u011bn\u00ed p\u0159\u00edslu\u0161n\u00fdch z\u00e1kon\u016f a vyhl\u00e1\u0161ek.<\/p>\n","protected":false},"excerpt":{"rendered":"<p>LAND Eye s.r.o. \u2013 geodetick\u00e1 kancel\u00e1\u0159 Spole\u010dnost Landeye s.r.o. vznikla 9.12.2021. Od sv\u00e9ho vzniku poskytuje kvalitn\u00ed a odborn\u00e9 slu\u017eby v oboru geod\u00e9zie a kartografie. Hlavn\u00edm c\u00edlem spole\u010dnosti je poskytnout z\u00e1kazn\u00edk\u016fm komplexn\u00ed servis geodetick\u00fdch a kartografick\u00fdch prac\u00ed od zah\u00e1jen\u00ed projektu po jeho ukon\u010den\u00ed. S\u00eddlem spole\u010dnosti je Brne. Podle aktu\u00e1ln\u00ed pot\u0159eby si [&hellip;]<\/p>\n","protected":false},"author":1,"featured_media":112,"parent":0,"menu_order":0,"comment_status":"closed","ping_status":"closed","template":"","meta":{"ngg_post_thumbnail":0,"footnotes":""},"class_list":["post-292","page","type-page","status-publish","has-post-thumbnail","hentry"],"_links":{"self":[{"href":"https:\/\/www.landeye.cz\/index.php?rest_route=\/wp\/v2\/pages\/292","targetHints":{"allow":["GET"]}}],"collection":[{"href":"https:\/\/www.landeye.cz\/index.php?rest_route=\/wp\/v2\/pages"}],"about":[{"href":"https:\/\/www.landeye.cz\/index.php?rest_route=\/wp\/v2\/types\/page"}],"author":[{"embeddable":true,"href":"https:\/\/www.landeye.cz\/index.php?rest_route=\/wp\/v2\/users\/1"}],"replies":[{"embeddable":true,"href":"https:\/\/www.landeye.cz\/index.php?rest_route=%2Fwp%2Fv2%2Fcomments&post=292"}],"version-history":[{"count":3,"href":"https:\/\/www.landeye.cz\/index.php?rest_route=\/wp\/v2\/pages\/292\/revisions"}],"predecessor-version":[{"id":324,"href":"https:\/\/www.landeye.cz\/index.php?rest_route=\/wp\/v2\/pages\/292\/revisions\/324"}],"wp:featuredmedia":[{"embeddable":true,"href":"https:\/\/www.landeye.cz\/index.php?rest_route=\/wp\/v2\/media\/112"}],"wp:attachment":[{"href":"https:\/\/www.landeye.cz\/index.php?rest_route=%2Fwp%2Fv2%2Fmedia&parent=292"}],"curies":[{"name":"wp","href":"https:\/\/api.w.org\/{rel}","templated":true}]}}